{"id":310,"date":"2009-10-17T08:37:22","date_gmt":"2009-10-17T06:37:22","guid":{"rendered":"http:\/\/www.escursionisticivatesi.it\/wp\/?page_id=310"},"modified":"2021-12-01T18:01:55","modified_gmt":"2021-12-01T17:01:55","slug":"cava","status":"publish","type":"page","link":"https:\/\/www.escursionisticivatesi.it\/?page_id=310","title":{"rendered":"Cava"},"content":{"rendered":"<p><a href=\"https:\/\/www.escursionisticivatesi.it\/wp\/wp-content\/uploads\/2011\/12\/Cornizzolo-testo-Caccia.doc\">&nbsp;<\/a>Avanzamenti sul sito&nbsp;: <a href=\"http:\/\/www.coordinamentocornizzolo.it\">www.coordinamentocornizzolo.it<\/a><\/p>\n<p>Vi ricordiamo che&nbsp;il messaggio&nbsp;da parte della nostra associazione era , \u00e8&nbsp; e sar\u00e0 per sempre quello di:<\/p>\n<p style=\"text-align: center;\">IL CORNIZZOLO<\/p>\n<p style=\"text-align: center;\">UNA MONTAGNA DI GENTE, UNA MONTAGNA PER SEMPRE, UNA MONTAGNA PER TUTTI<\/p>\n<p>Abbiamo quindi bisogno di tutti, ma soprattutto della gente comune perch\u00e8 il monte \u00e8 vivo e al centro della vita c&#8217;\u00e8 l&#8217;uomo<\/p>\n<p>Alcuni importanti testi:<\/p>\n<p>Carlo Caccia &#8212; La Montagna Viva &#8211;&gt; <a href=\"https:\/\/www.escursionisticivatesi.it\/wp\/wp-content\/uploads\/2011\/12\/Cornizzolo-testo-Caccia.doc\">Cornizzolo <\/a><\/p>\n<p>Sergio Poli &#8212; La Montagna Viva &#8211;&gt; <a href=\"https:\/\/www.escursionisticivatesi.it\/wp\/wp-content\/uploads\/2011\/12\/Ritorno-alla-terra.doc\">Ritorno alla terra<\/a><\/p>\n<p>Vercesi Prof Pier Luigi &#8212; Il geotopo del Monte Cornizzolo &#8211;&gt;<a href=\"https:\/\/www.escursionisticivatesi.it\/wp\/wp-content\/uploads\/2011\/12\/Relazione-geol-tecnica.doc\">Relazione geol-tecnica<\/a><\/p>\n<p>La Provincia &#8212; Ecomuseo &#8211;&gt;<a class=\"pdfppt-link\" href=\"https:\/\/www.escursionisticivatesi.it\/wp\/wp-content\/uploads\/2011\/12\/Progetto-Ecomuseo.pdf\"><img decoding=\"async\" src=\"https:\/\/www.escursionisticivatesi.it\/wp\/wp-content\/plugins\/pdf-ppt-viewer\/icon_pdf.gif\" alt=\"\"><\/a><\/p>\n<p>Legambiente &#8212; I PLIS &#8211;&gt;<a class=\"pdfppt-link\" href=\"https:\/\/www.escursionisticivatesi.it\/wp\/wp-content\/uploads\/2011\/12\/plis_dossier_legambiente.pdf\"><img decoding=\"async\" src=\"https:\/\/www.escursionisticivatesi.it\/wp\/wp-content\/plugins\/pdf-ppt-viewer\/icon_pdf.gif\" alt=\"\"><\/a><\/p>\n","protected":false},"excerpt":{"rendered":"<p>&nbsp;Avanzamenti sul sito&nbsp;: www.coordinamentocornizzolo.it Vi ricordiamo che&nbsp;il messaggio&nbsp;da parte della nostra associazione era , \u00e8&nbsp; e sar\u00e0 per sempre quello di: IL CORNIZZOLO UNA MONTAGNA DI GENTE, UNA MONTAGNA PER SEMPRE, UNA MONTAGNA PER TUTTI Abbiamo quindi bisogno di tutti, ma soprattutto della gente comune perch\u00e8 il monte \u00e8 vivo e al centro della vita [&hellip;]<\/p>\n","protected":false},"author":1,"featured_media":0,"parent":0,"menu_order":11,"comment_status":"closed","ping_status":"open","template":"","meta":{"footnotes":""},"class_list":["post-310","page","type-page","status-publish","hentry"],"_links":{"self":[{"href":"https:\/\/www.escursionisticivatesi.it\/index.php?rest_route=\/wp\/v2\/pages\/310","targetHints":{"allow":["GET"]}}],"collection":[{"href":"https:\/\/www.escursionisticivatesi.it\/index.php?rest_route=\/wp\/v2\/pages"}],"about":[{"href":"https:\/\/www.escursionisticivatesi.it\/index.php?rest_route=\/wp\/v2\/types\/page"}],"author":[{"embeddable":true,"href":"https:\/\/www.escursionisticivatesi.it\/index.php?rest_route=\/wp\/v2\/users\/1"}],"replies":[{"embeddable":true,"href":"https:\/\/www.escursionisticivatesi.it\/index.php?rest_route=%2Fwp%2Fv2%2Fcomments&post=310"}],"version-history":[{"count":1,"href":"https:\/\/www.escursionisticivatesi.it\/index.php?rest_route=\/wp\/v2\/pages\/310\/revisions"}],"predecessor-version":[{"id":2358,"href":"https:\/\/www.escursionisticivatesi.it\/index.php?rest_route=\/wp\/v2\/pages\/310\/revisions\/2358"}],"wp:attachment":[{"href":"https:\/\/www.escursionisticivatesi.it\/index.php?rest_route=%2Fwp%2Fv2%2Fmedia&parent=310"}],"curies":[{"name":"wp","href":"https:\/\/api.w.org\/{rel}","templated":true}]}}